{"id":29375,"date":"2026-03-25T21:20:23","date_gmt":"2026-03-25T21:20:23","guid":{"rendered":"https:\/\/wellnessforestcr.com\/?post_type=product&#038;p=29375"},"modified":"2026-04-16T20:33:07","modified_gmt":"2026-04-17T02:33:07","slug":"mountain-bike","status":"publish","type":"product","link":"https:\/\/wellnessforestcr.com\/en\/producto\/mountain-bike\/","title":{"rendered":"Mountain Bike"},"content":{"rendered":"","protected":false},"excerpt":{"rendered":"<p data-start=\"2113\" data-end=\"2295\">Disfrute de un circuito de mountain bike dise\u00f1ado dentro del bosque, con se\u00f1alizaci\u00f3n profesional y un recorrido de aproximadamente 3.5 km que combina t\u00e9cnica, naturaleza y aventura.<\/p>\n<p data-start=\"2297\" data-end=\"2434\">This space is designed for cyclists looking to train or enjoy themselves in a safe natural environment, surrounded by vegetation and fresh air.<\/p>\n<ul data-start=\"2436\" data-end=\"2562\">\n<li data-section-id=\"9yrojz\" data-start=\"2436\" data-end=\"2461\">Mode: self-guided<\/li>\n<li data-section-id=\"1x5p8iz\" data-start=\"2462\" data-end=\"2491\">Requires own bicycle<\/li>\n<li data-section-id=\"11832iv\" data-start=\"2492\" data-end=\"2526\">3.5 km Short Track Circuit<\/li>\n<li data-section-id=\"hxhwu1\" data-start=\"2527\" data-end=\"2562\">Free parking for cyclists<\/li>\n<\/ul>\n<p data-start=\"2564\" data-end=\"2625\"><em data-start=\"2567\" data-end=\"2625\">Perfect for combining sport, nature and adrenaline.<\/em><\/p>","protected":false},"featured_media":29516,"template":"","meta":{"_coblocks_attr":"","_coblocks_dimensions":"","_coblocks_responsive_height":"","_coblocks_accordion_ie_support":"","_joinchat":[]},"product_brand":[],"product_cat":[114],"product_tag":[],"class_list":{"0":"post-29375","1":"product","2":"type-product","3":"status-publish","4":"has-post-thumbnail","6":"product_cat-entradas","8":"first","9":"instock","10":"virtual","11":"sold-individually","12":"taxable","13":"purchasable","14":"product-type-booking"},"booking_location":"","booking_location_type":"","booking_duration":1,"booking_duration_unit":"day","booking_buffer":0,"booking_cost":0,"booking_resources":[],"_links":{"self":[{"href":"https:\/\/wellnessforestcr.com\/en\/wp-json\/wp\/v2\/product\/29375","targetHints":{"allow":["GET"]}}],"collection":[{"href":"https:\/\/wellnessforestcr.com\/en\/wp-json\/wp\/v2\/product"}],"about":[{"href":"https:\/\/wellnessforestcr.com\/en\/wp-json\/wp\/v2\/types\/product"}],"version-history":[{"count":4,"href":"https:\/\/wellnessforestcr.com\/en\/wp-json\/wp\/v2\/product\/29375\/revisions"}],"predecessor-version":[{"id":29529,"href":"https:\/\/wellnessforestcr.com\/en\/wp-json\/wp\/v2\/product\/29375\/revisions\/29529"}],"wp:featuredmedia":[{"embeddable":true,"href":"https:\/\/wellnessforestcr.com\/en\/wp-json\/wp\/v2\/media\/29516"}],"wp:attachment":[{"href":"https:\/\/wellnessforestcr.com\/en\/wp-json\/wp\/v2\/media?parent=29375"}],"wp:term":[{"taxonomy":"product_brand","embeddable":true,"href":"https:\/\/wellnessforestcr.com\/en\/wp-json\/wp\/v2\/product_brand?post=29375"},{"taxonomy":"product_cat","embeddable":true,"href":"https:\/\/wellnessforestcr.com\/en\/wp-json\/wp\/v2\/product_cat?post=29375"},{"taxonomy":"product_tag","embeddable":true,"href":"https:\/\/wellnessforestcr.com\/en\/wp-json\/wp\/v2\/product_tag?post=29375"}],"curies":[{"name":"wp","href":"https:\/\/api.w.org\/{rel}","templated":true}]}}